{"id":2706,"date":"2021-10-22T17:28:36","date_gmt":"2021-10-22T17:28:36","guid":{"rendered":"https:\/\/chorale-sauvage.paris\/?page_id=2706"},"modified":"2025-04-25T08:48:19","modified_gmt":"2025-04-25T06:48:19","slug":"mentions-legales","status":"publish","type":"page","link":"https:\/\/chorale-sauvage.paris\/index.php\/mentions-legales\/","title":{"rendered":"Mentions l\u00e9gales"},"content":{"rendered":"<div class=\"fusion-fullwidth fullwidth-box fusion-builder-row-1 fusion-flex-container nonhundred-percent-fullwidth non-hundred-percent-height-scrolling\" style=\"--link_hover_color: #bc3131;--link_color: #e24436;--awb-border-radius-top-left:0px;--awb-border-radius-top-right:0px;--awb-border-radius-bottom-right:0px;--awb-border-radius-bottom-left:0px;--awb-flex-wrap:wrap;\" ><div class=\"fusion-builder-row fusion-row fusion-flex-align-items-flex-start fusion-flex-content-wrap\" style=\"max-width:1144px;margin-left: calc(-4% \/ 2 );margin-right: calc(-4% \/ 2 );\"><div class=\"fusion-layout-column fusion_builder_column fusion-builder-column-0 fusion_builder_column_1_1 1_1 fusion-flex-column fusion-flex-align-self-center\" style=\"--awb-bg-size:cover;--awb-width-large:100%;--awb-margin-top-large:0px;--awb-spacing-right-large:1.92%;--awb-margin-bottom-large:0px;--awb-spacing-left-large:1.92%;--awb-width-medium:100%;--awb-order-medium:0;--awb-spacing-right-medium:1.92%;--awb-spacing-left-medium:1.92%;--awb-width-small:100%;--awb-order-small:0;--awb-spacing-right-small:1.92%;--awb-spacing-left-small:1.92%;\"><div class=\"fusion-column-wrapper fusion-column-has-shadow fusion-flex-justify-content-flex-start fusion-content-layout-column\"><div class=\"fusion-text fusion-text-1\"><p><b style=\"color: rgb(114, 114, 114);\">Mentions l\u00e9gales<\/b><\/p>\n<p><span style=\"font-weight: 400; color: rgb(114, 114, 114);\">En vigueur au 25 avril 2025<\/span><\/p>\n<p><span style=\"font-weight: 400; color: rgb(114, 114, 114);\">La Chorale Sauvage et Clandestine de Paris est une association bas\u00e9e sur la loi de 1901 ayant pour but la pratique du chant choral dont le si\u00e8ge est situ\u00e9 dans le 19\u00e8me arrondissement de Paris.<\/span><\/p>\n<p><span style=\"font-weight: 400; color: rgb(114, 114, 114);\">Dont les Co-Pr\u00e9sidentes sont : Madame Albane Pascal &amp; Madame Domitille Roux.<\/span><\/p>\n<p><span style=\"font-weight: 400; color: rgb(114, 114, 114);\"><br \/><\/span><\/p>\n<p><span style=\"font-weight: 400; color: rgb(114, 114, 114);\">Site internet<\/span><\/p>\n<p><span style=\"font-weight: 400; color: rgb(114, 114, 114);\"> <\/span><span style=\"color: rgb(114, 114, 114); font-weight: 400; background-color: rgba(0, 0, 0, 0);\">Conform\u00e9ment aux dispositions des Articles 6-III et 19 de la Loi n\u00b02004-575 du 21 juin 2004 pour la Confiance dans l\u2019\u00e9conomie num\u00e9rique, dite L.C.E.N., il est port\u00e9 \u00e0 la connaissance des Utilisateurs du site https:\/\/chorale-sauvage.paris\/de la Chorale Sauvage et Clandestine de Paris, les pr\u00e9sentes mentions l\u00e9gales.<\/span><\/p>\n<p><span style=\"font-weight: 400; color: rgb(114, 114, 114);\">La connexion et la navigation sur le site de la Chorale Sauvage et Clandestine de Paris par l\u2019Utilisateur implique acceptation int\u00e9grale et sans r\u00e9serve des pr\u00e9sentes mentions l\u00e9gales.<\/span><\/p>\n<p><span style=\"font-weight: 400; color: rgb(114, 114, 114);\">Ces derni\u00e8res sont accessibles sur le site \u00e0 la rubrique \u00ab Mentions l\u00e9gales \u00bb.<\/span><\/p>\n<p><span style=\"font-weight: 400; color: rgb(114, 114, 114);\"><br \/><\/span><\/p>\n<p><span style=\"font-weight: 400; color: rgb(114, 114, 114);\">ARTICLE 1 : L\u2019\u00e9diteur<\/span><\/p>\n<p><span style=\"font-weight: 400; color: rgb(114, 114, 114);\">L\u2019\u00e9dition et la direction de la publication du site <\/span><a href=\"https:\/\/www.chorale-sauvage-paris.fr\"><span style=\"font-weight: 400; color: rgb(114, 114, 114);\">https:\/\/chorale-sauvage.paris\/<\/span><\/a><span style=\"font-weight: 400; color: rgb(114, 114, 114);\"> est assur\u00e9e par K\u00e9vin BOGAL et Jennifer LEGRAND, domicili\u00e9s en France et membres de la chorale associative et du p\u00f4le communication dont l&rsquo;adresse e-mail est <\/span><a href=\"mailto:communication.cscp@gmail.fr\"><span style=\"font-weight: 400; color: rgb(114, 114, 114);\">communication.cscp@gmail.fr<\/span><\/a><span style=\"font-weight: 400; color: rgb(114, 114, 114);\"> .<\/span><\/p>\n<p><span style=\"font-weight: 400; color: rgb(114, 114, 114);\"><br \/><\/span><\/p>\n<p><span style=\"font-weight: 400; color: rgb(114, 114, 114);\"> <\/span><span style=\"color: rgb(114, 114, 114); font-weight: 400; background-color: rgba(0, 0, 0, 0);\">ARTICLE 2 : L\u2019h\u00e9bergeur<\/span><\/p>\n<p><span style=\"font-weight: 400; color: rgb(114, 114, 114);\">L&rsquo;h\u00e9bergeur du site https:\/\/chorale-sauvage.paris\/ est la Soci\u00e9t\u00e9 WordPress.<\/span><\/p>\n<p><span style=\"font-weight: 400; color: rgb(114, 114, 114);\"><br \/><\/span><\/p>\n<p><span style=\"font-weight: 400; color: rgb(114, 114, 114);\">ARTICLE 3 : Acc\u00e8s au site<\/span><\/p>\n<p><span style=\"font-weight: 400; color: rgb(114, 114, 114);\">Le site est accessible par tout endroit, 7j\/7, 24h\/24 sauf cas de force majeure, interruption programm\u00e9e ou non et pouvant d\u00e9coulant d\u2019une n\u00e9cessit\u00e9 de maintenance.<\/span><\/p>\n<p><span style=\"font-weight: 400; color: rgb(114, 114, 114);\">En cas de modification, interruption ou suspension des services le site https:\/\/chorale-sauvage.paris\/ne saurait \u00eatre tenu responsable.<\/span><\/p>\n<p><span style=\"font-weight: 400; color: rgb(114, 114, 114);\"><br \/><\/span><\/p>\n<p><span style=\"font-weight: 400; color: rgb(114, 114, 114);\">ARTICLE 4 : Collecte des donn\u00e9es<\/span><\/p>\n<p><span style=\"font-weight: 400; color: rgb(114, 114, 114);\">Le site assure \u00e0 l&rsquo;Utilisateur une collecte et un traitement d&rsquo;informations personnelles dans le respect de la vie priv\u00e9e conform\u00e9ment \u00e0 la loi n\u00b078-17 du 6 janvier 1978 relative \u00e0 l&rsquo;informatique, aux fichiers et aux libert\u00e9s. <\/span><\/p>\n<p><span style=\"font-weight: 400; color: rgb(114, 114, 114);\">En vertu de la loi Informatique et Libert\u00e9s, en date du 6 janvier 1978, l&rsquo;Utilisateur dispose d&rsquo;un droit d&rsquo;acc\u00e8s, de rectification, de suppression et d&rsquo;opposition de ses donn\u00e9es personnelles. L&rsquo;Utilisateur exerce ce droit :<\/span><\/p>\n<ul>\n<li><span style=\"font-weight: 400; color: rgb(114, 114, 114);\">         par mail \u00e0 l&rsquo;adresse email communication.cscp@gmail.com<\/span><\/li>\n<li><span style=\"font-weight: 400; color: rgb(114, 114, 114);\"><br \/><\/span><\/li>\n<\/ul>\n<p><span style=\"font-weight: 400; color: rgb(114, 114, 114);\">ARTICLE 5 : Cookies<\/span><\/p>\n<p><span style=\"font-weight: 400; color: rgb(114, 114, 114);\">L\u2019Utilisateur est inform\u00e9 que lors de ses visites sur le site, un cookie peut s\u2019installer automatiquement sur son logiciel de navigation.<\/span><\/p>\n<p><span style=\"font-weight: 400; color: rgb(114, 114, 114);\">En naviguant sur le site, il les accepte.<\/span><\/p>\n<p><span style=\"font-weight: 400; color: rgb(114, 114, 114);\">Un cookie est un \u00e9l\u00e9ment qui ne permet pas d\u2019identifier l\u2019Utilisateur mais sert \u00e0 enregistrer des informations relatives \u00e0 la navigation de celui-ci sur le site Internet. L\u2019Utilisateur pourra d\u00e9sactiver ce cookie par l\u2019interm\u00e9diaire des param\u00e8tres figurant au sein de son logiciel de navigation.<\/span><\/p>\n<p><span style=\"font-weight: 400; color: rgb(114, 114, 114);\"> <\/span><\/p>\n<p><span style=\"font-weight: 400; color: rgb(114, 114, 114);\">ARTICLE 6 : Propri\u00e9t\u00e9 intellectuelle<\/span><\/p>\n<p><span style=\"font-weight: 400; color: rgb(114, 114, 114);\">Toute utilisation, reproduction, diffusion, commercialisation, modification de toute ou partie du site https:\/\/www.chorale-sauvage.paris, sans autorisation de l\u2019Editeur est prohib\u00e9e et pourra entra\u00eener des actions et poursuites judiciaires telles que notamment pr\u00e9vues par le Code de la propri\u00e9t\u00e9 intellectuelle et le Code civil.<\/span><\/p>\n<\/div><\/div><\/div><\/div><\/div>\n","protected":false},"excerpt":{"rendered":"","protected":false},"author":4,"featured_media":0,"parent":0,"menu_order":0,"comment_status":"closed","ping_status":"closed","template":"100-width.php","meta":{"_price":"","_stock":"","_tribe_ticket_header":"","_tribe_default_ticket_provider":"","_tribe_ticket_capacity":"0","_ticket_start_date":"","_ticket_end_date":"","_tribe_ticket_show_description":"","_tribe_ticket_show_not_going":false,"_tribe_ticket_use_global_stock":"","_tribe_ticket_global_stock_level":"","_global_stock_mode":"","_global_stock_cap":"","_tribe_rsvp_for_event":"","_tribe_ticket_going_count":"","_tribe_ticket_not_going_count":"","_tribe_tickets_list":"[]","_tribe_ticket_has_attendee_info_fields":false,"footnotes":"","_tec_slr_enabled":"","_tec_slr_layout":""},"class_list":["post-2706","page","type-page","status-publish","hentry"],"acf":[],"ticketed":false,"_links":{"self":[{"href":"https:\/\/chorale-sauvage.paris\/index.php\/wp-json\/wp\/v2\/pages\/2706","targetHints":{"allow":["GET"]}}],"collection":[{"href":"https:\/\/chorale-sauvage.paris\/index.php\/wp-json\/wp\/v2\/pages"}],"about":[{"href":"https:\/\/chorale-sauvage.paris\/index.php\/wp-json\/wp\/v2\/types\/page"}],"author":[{"embeddable":true,"href":"https:\/\/chorale-sauvage.paris\/index.php\/wp-json\/wp\/v2\/users\/4"}],"replies":[{"embeddable":true,"href":"https:\/\/chorale-sauvage.paris\/index.php\/wp-json\/wp\/v2\/comments?post=2706"}],"version-history":[{"count":5,"href":"https:\/\/chorale-sauvage.paris\/index.php\/wp-json\/wp\/v2\/pages\/2706\/revisions"}],"predecessor-version":[{"id":3896,"href":"https:\/\/chorale-sauvage.paris\/index.php\/wp-json\/wp\/v2\/pages\/2706\/revisions\/3896"}],"wp:attachment":[{"href":"https:\/\/chorale-sauvage.paris\/index.php\/wp-json\/wp\/v2\/media?parent=2706"}],"curies":[{"name":"wp","href":"https:\/\/api.w.org\/{rel}","templated":true}]}}